{"id":140622,"date":"2026-02-13T04:34:14","date_gmt":"2026-02-13T04:34:14","guid":{"rendered":"https:\/\/betydning.com\/kulturrelativisms\/"},"modified":"2026-02-13T04:34:14","modified_gmt":"2026-02-13T04:34:14","slug":"kulturrelativisme","status":"publish","type":"page","link":"https:\/\/betydning.com\/nb\/kulturrelativisms\/","title":{"rendered":"kulturrelativisme"},"content":{"rendered":"<p><strong>kulturrelativisme:<\/strong>\u00a0Sammenlignende analyse av ulike nasjoners og etniske gruppers kulturer, basert p\u00e5 erkjennelsen av at nasjonale kulturer er likeverdige, men vanskelige \u00e5 sammenligne og evaluere fordi de er formet i n\u00e6r tilknytning til den enkelte nasjons levem\u00e5te og mentalitet.<\/p>\n<p>&nbsp;<\/p>\n<p><strong>Bruk:<\/strong>\u00a0Ubestemt<br \/>\n<strong>Tips:<\/strong>\u00a0Hjem<br \/>\n<strong>Ordklasse:<\/strong>\u00a0Ubestemt<\/p>","protected":false},"excerpt":{"rendered":"<p>kult\u016brrelat\u012bvisms:\u00a0Da\u017e\u0101du n\u0101ciju un etnisko grupu kult\u016bru sal\u012bdzino\u0161\u0101s anal\u012bzes balst\u012b\u0161ana uz atzi\u0146u, ka nacion\u0101l\u0101s kult\u016bras ir ekvivalentas, ta\u010du gr\u016bti sal\u012bdzin\u0101mas un [&hellip;]<\/p>\n","protected":false},"author":1,"featured_media":0,"parent":0,"menu_order":0,"comment_status":"closed","ping_status":"open","template":"","meta":{"site-sidebar-layout":"default","site-content-layout":"","ast-site-content-layout":"default","site-content-style":"default","site-sidebar-style":"default","ast-global-header-display":"","ast-banner-title-visibility":"","ast-main-header-display":"","ast-hfb-above-header-display":"","ast-hfb-below-header-display":"","ast-hfb-mobile-header-display":"","site-post-title":"","ast-breadcrumbs-content":"","ast-featured-img":"","footer-sml-layout":"","ast-disable-related-posts":"","theme-transparent-header-meta":"","adv-header-id-meta":"","stick-header-meta":"","header-above-stick-meta":"","header-main-stick-meta":"","header-below-stick-meta":"","astra-migrate-meta-layouts":"default","ast-page-background-enabled":"default","ast-page-background-meta":{"desktop":{"background-color":"var(--ast-global-color-4)","background-image":"","background-repeat":"repeat","background-position":"center center","background-size":"auto","background-attachment":"scroll","background-type":"","background-media":"","overlay-type":"","overlay-color":"","overlay-opacity":"","overlay-gradient":""},"tablet":{"background-color":"","background-image":"","background-repeat":"repeat","background-position":"center center","background-size":"auto","background-attachment":"scroll","background-type":"","background-media":"","overlay-type":"","overlay-color":"","overlay-opacity":"","overlay-gradient":""},"mobile":{"background-color":"","background-image":"","background-repeat":"repeat","background-position":"center center","background-size":"auto","background-attachment":"scroll","background-type":"","background-media":"","overlay-type":"","overlay-color":"","overlay-opacity":"","overlay-gradient":""}},"ast-content-background-meta":{"desktop":{"background-color":"var(--ast-global-color-5)","background-image":"","background-repeat":"repeat","background-position":"center center","background-size":"auto","background-attachment":"scroll","background-type":"","background-media":"","overlay-type":"","overlay-color":"","overlay-opacity":"","overlay-gradient":""},"tablet":{"background-color":"var(--ast-global-color-5)","background-image":"","background-repeat":"repeat","background-position":"center center","background-size":"auto","background-attachment":"scroll","background-type":"","background-media":"","overlay-type":"","overlay-color":"","overlay-opacity":"","overlay-gradient":""},"mobile":{"background-color":"var(--ast-global-color-5)","background-image":"","background-repeat":"repeat","background-position":"center center","background-size":"auto","background-attachment":"scroll","background-type":"","background-media":"","overlay-type":"","overlay-color":"","overlay-opacity":"","overlay-gradient":""}},"footnotes":""},"vardnica":[7],"class_list":["post-140622","page","type-page","status-publish","hentry","vardnica-nenoteikts"],"yoast_head":"<!-- This site is optimized with the Yoast SEO plugin v27.1.1 - https:\/\/yoast.com\/product\/yoast-seo-wordpress\/ -->\n<title>kult\u016brrelat\u012bvisms - Betydning.com<\/title>\n<meta name=\"robots\" content=\"index, follow, max-snippet:-1, max-image-preview:large, max-video-preview:-1\" \/>\n<link rel=\"canonical\" href=\"https:\/\/betydning.com\/nb\/kulturrelativisme\/\" \/>\n<meta property=\"og:locale\" content=\"nb_NO\" \/>\n<meta property=\"og:type\" content=\"article\" \/>\n<meta property=\"og:title\" content=\"kult\u016brrelat\u012bvisms - Betydning.com\" \/>\n<meta property=\"og:description\" content=\"kult\u016brrelat\u012bvisms:\u00a0Da\u017e\u0101du n\u0101ciju un etnisko grupu kult\u016bru sal\u012bdzino\u0161\u0101s anal\u012bzes balst\u012b\u0161ana uz atzi\u0146u, ka nacion\u0101l\u0101s kult\u016bras ir ekvivalentas, ta\u010du gr\u016bti sal\u012bdzin\u0101mas un [&hellip;]\" \/>\n<meta property=\"og:url\" content=\"https:\/\/betydning.com\/nb\/kulturrelativisme\/\" \/>\n<meta property=\"og:site_name\" content=\"Betydning.com\" \/>\n<meta name=\"twitter:card\" content=\"summary_large_image\" \/>\n<script type=\"application\/ld+json\" class=\"yoast-schema-graph\">{\"@context\":\"https:\/\/schema.org\",\"@graph\":[{\"@type\":\"WebPage\",\"@id\":\"https:\/\/betydning.com\/lv\/kulturrelativisms\/\",\"url\":\"https:\/\/betydning.com\/lv\/kulturrelativisms\/\",\"name\":\"kult\u016brrelat\u012bvisms - Betydning.com\",\"isPartOf\":{\"@id\":\"https:\/\/betydning.com\/nb\/#website\"},\"datePublished\":\"2026-02-13T04:34:14+00:00\",\"breadcrumb\":{\"@id\":\"https:\/\/betydning.com\/lv\/kulturrelativisms\/#breadcrumb\"},\"inLanguage\":\"nb-NO\",\"potentialAction\":[{\"@type\":\"ReadAction\",\"target\":[\"https:\/\/betydning.com\/lv\/kulturrelativisms\/\"]}]},{\"@type\":\"BreadcrumbList\",\"@id\":\"https:\/\/betydning.com\/lv\/kulturrelativisms\/#breadcrumb\",\"itemListElement\":[{\"@type\":\"ListItem\",\"position\":1,\"name\":\"Home\",\"item\":\"https:\/\/betydning.com\/\"},{\"@type\":\"ListItem\",\"position\":2,\"name\":\"kult\u016brrelat\u012bvisms\"}]},{\"@type\":\"WebSite\",\"@id\":\"https:\/\/betydning.com\/nb\/#website\",\"url\":\"https:\/\/betydning.com\/nb\/\",\"name\":\"Betydning.com\",\"description\":\"Betydningen av ord\",\"publisher\":{\"@id\":\"https:\/\/betydning.com\/nb\/#organization\"},\"potentialAction\":[{\"@type\":\"SearchAction\",\"target\":{\"@type\":\"EntryPoint\",\"urlTemplate\":\"https:\/\/betydning.com\/nb\/?s={search_term_string}\"},\"query-input\":{\"@type\":\"PropertyValueSpecification\",\"valueRequired\":true,\"valueName\":\"search_term_string\"}}],\"inLanguage\":\"nb-NO\"},{\"@type\":\"Organization\",\"@id\":\"https:\/\/betydning.com\/nb\/#organization\",\"name\":\"Betydning.com\",\"url\":\"https:\/\/betydning.com\/nb\/\",\"logo\":{\"@type\":\"ImageObject\",\"inLanguage\":\"nb-NO\",\"@id\":\"https:\/\/betydning.com\/nb\/#\/schema\/logo\/image\/\",\"url\":\"https:\/\/betydning.com\/wp-content\/uploads\/2026\/01\/betydning-com-flag-logo.png\",\"contentUrl\":\"https:\/\/betydning.com\/wp-content\/uploads\/2026\/01\/betydning-com-flag-logo.png\",\"width\":1200,\"height\":300,\"caption\":\"Betydning.com\"},\"image\":{\"@id\":\"https:\/\/betydning.com\/nb\/#\/schema\/logo\/image\/\"}}]}<\/script>\n<!-- \/ Yoast SEO plugin. -->","yoast_head_json":{"title":"kulturrelativisme - Betydning.com","robots":{"index":"index","follow":"follow","max-snippet":"max-snippet:-1","max-image-preview":"max-image-preview:large","max-video-preview":"max-video-preview:-1"},"canonical":"https:\/\/betydning.com\/nb\/kulturrelativisme\/","og_locale":"nb_NO","og_type":"article","og_title":"kult\u016brrelat\u012bvisms - Betydning.com","og_description":"kult\u016brrelat\u012bvisms:\u00a0Da\u017e\u0101du n\u0101ciju un etnisko grupu kult\u016bru sal\u012bdzino\u0161\u0101s anal\u012bzes balst\u012b\u0161ana uz atzi\u0146u, ka nacion\u0101l\u0101s kult\u016bras ir ekvivalentas, ta\u010du gr\u016bti sal\u012bdzin\u0101mas un [&hellip;]","og_url":"https:\/\/betydning.com\/nb\/kulturrelativisme\/","og_site_name":"Betydning.com","twitter_card":"summary_large_image","schema":{"@context":"https:\/\/schema.org","@graph":[{"@type":"WebPage","@id":"https:\/\/betydning.com\/lv\/kulturrelativisms\/","url":"https:\/\/betydning.com\/lv\/kulturrelativisms\/","name":"kulturrelativisme - Betydning.com","isPartOf":{"@id":"https:\/\/betydning.com\/nb\/#website"},"datePublished":"2026-02-13T04:34:14+00:00","breadcrumb":{"@id":"https:\/\/betydning.com\/lv\/kulturrelativisms\/#breadcrumb"},"inLanguage":"nb-NO","potentialAction":[{"@type":"ReadAction","target":["https:\/\/betydning.com\/lv\/kulturrelativisms\/"]}]},{"@type":"BreadcrumbList","@id":"https:\/\/betydning.com\/lv\/kulturrelativisms\/#breadcrumb","itemListElement":[{"@type":"ListItem","position":1,"name":"Home","item":"https:\/\/betydning.com\/"},{"@type":"ListItem","position":2,"name":"kult\u016brrelat\u012bvisms"}]},{"@type":"WebSite","@id":"https:\/\/betydning.com\/nb\/#website","url":"https:\/\/betydning.com\/nb\/","name":"Betydning.com","description":"Betydningen av ord","publisher":{"@id":"https:\/\/betydning.com\/nb\/#organization"},"potentialAction":[{"@type":"SearchAction","target":{"@type":"EntryPoint","urlTemplate":"https:\/\/betydning.com\/nb\/?s={search_term_string}"},"query-input":{"@type":"PropertyValueSpecification","valueRequired":true,"valueName":"search_term_string"}}],"inLanguage":"nb-NO"},{"@type":"Organization","@id":"https:\/\/betydning.com\/nb\/#organization","name":"Betydning.com","url":"https:\/\/betydning.com\/nb\/","logo":{"@type":"ImageObject","inLanguage":"nb-NO","@id":"https:\/\/betydning.com\/nb\/#\/schema\/logo\/image\/","url":"https:\/\/betydning.com\/wp-content\/uploads\/2026\/01\/betydning-com-flag-logo.png","contentUrl":"https:\/\/betydning.com\/wp-content\/uploads\/2026\/01\/betydning-com-flag-logo.png","width":1200,"height":300,"caption":"Betydning.com"},"image":{"@id":"https:\/\/betydning.com\/nb\/#\/schema\/logo\/image\/"}}]}},"_links":{"self":[{"href":"https:\/\/betydning.com\/nb\/wp-json\/wp\/v2\/pages\/140622","targetHints":{"allow":["GET"]}}],"collection":[{"href":"https:\/\/betydning.com\/nb\/wp-json\/wp\/v2\/pages"}],"about":[{"href":"https:\/\/betydning.com\/nb\/wp-json\/wp\/v2\/types\/page"}],"author":[{"embeddable":true,"href":"https:\/\/betydning.com\/nb\/wp-json\/wp\/v2\/users\/1"}],"replies":[{"embeddable":true,"href":"https:\/\/betydning.com\/nb\/wp-json\/wp\/v2\/comments?post=140622"}],"version-history":[{"count":0,"href":"https:\/\/betydning.com\/nb\/wp-json\/wp\/v2\/pages\/140622\/revisions"}],"wp:attachment":[{"href":"https:\/\/betydning.com\/nb\/wp-json\/wp\/v2\/media?parent=140622"}],"wp:term":[{"taxonomy":"vardnica","embeddable":true,"href":"https:\/\/betydning.com\/nb\/wp-json\/wp\/v2\/vardnica?post=140622"}],"curies":[{"name":"wp","href":"https:\/\/api.w.org\/{rel}","templated":true}]}}