{"id":401332,"date":"2026-02-13T22:22:17","date_gmt":"2026-02-13T22:22:17","guid":{"rendered":"https:\/\/betydning.com\/zleku-tragedija\/"},"modified":"2026-02-13T22:22:17","modified_gmt":"2026-02-13T22:22:17","slug":"zleku-tragedija","status":"publish","type":"page","link":"https:\/\/betydning.com\/nb\/zleku-tragedija\/","title":{"rendered":"Tragedien i Zl\u0113ki"},"content":{"rendered":"<p><strong>Zl\u0113ku tra\u0123\u0113dija:<\/strong>\u00a0Latvijas civiliedz\u012bvot\u0101ju izn\u012bcin\u0101\u0161anas akcija 2. pasaules kara laik\u0101, kad nacistu soda eksped\u012bcija 1944. g. 7.-10. decembr\u012b, nodedzin\u0101ja Zl\u0113ku pagasta Di\u017e\u0137\u012bru, Grau\u017eu, M\u016brnieku, V\u0113veru un Zilumu m\u0101jas un no\u0161\u0101vavai dz\u012bvus sadedzin\u0101ja >160 \u0161o un citu apk\u0101rt\u0113jo m\u0101ju iedz\u012bvot\u0101jus<\/p>\n<p>&nbsp;<\/p>\n<p><strong>Bruk:<\/strong>\u00a0Historisk<br \/>\n<strong>Tips:<\/strong>\u00a0Flertallsuttrykk<br \/>\n<strong>Ordklasse:<\/strong>\u00a0Ubestemt<\/p>","protected":false},"excerpt":{"rendered":"<p>Zl\u0113ku tra\u0123\u0113dija:\u00a0Latvijas civiliedz\u012bvot\u0101ju izn\u012bcin\u0101\u0161anas akcija 2. pasaules kara laik\u0101, kad nacistu soda eksped\u012bcija 1944. g. 7.-10. decembr\u012b, nodedzin\u0101ja Zl\u0113ku pagasta [&hellip;]<\/p>\n","protected":false},"author":1,"featured_media":0,"parent":0,"menu_order":0,"comment_status":"closed","ping_status":"open","template":"","meta":{"site-sidebar-layout":"default","site-content-layout":"","ast-site-content-layout":"default","site-content-style":"default","site-sidebar-style":"default","ast-global-header-display":"","ast-banner-title-visibility":"","ast-main-header-display":"","ast-hfb-above-header-display":"","ast-hfb-below-header-display":"","ast-hfb-mobile-header-display":"","site-post-title":"","ast-breadcrumbs-content":"","ast-featured-img":"","footer-sml-layout":"","ast-disable-related-posts":"","theme-transparent-header-meta":"","adv-header-id-meta":"","stick-header-meta":"","header-above-stick-meta":"","header-main-stick-meta":"","header-below-stick-meta":"","astra-migrate-meta-layouts":"default","ast-page-background-enabled":"default","ast-page-background-meta":{"desktop":{"background-color":"var(--ast-global-color-4)","background-image":"","background-repeat":"repeat","background-position":"center center","background-size":"auto","background-attachment":"scroll","background-type":"","background-media":"","overlay-type":"","overlay-color":"","overlay-opacity":"","overlay-gradient":""},"tablet":{"background-color":"","background-image":"","background-repeat":"repeat","background-position":"center center","background-size":"auto","background-attachment":"scroll","background-type":"","background-media":"","overlay-type":"","overlay-color":"","overlay-opacity":"","overlay-gradient":""},"mobile":{"background-color":"","background-image":"","background-repeat":"repeat","background-position":"center center","background-size":"auto","background-attachment":"scroll","background-type":"","background-media":"","overlay-type":"","overlay-color":"","overlay-opacity":"","overlay-gradient":""}},"ast-content-background-meta":{"desktop":{"background-color":"var(--ast-global-color-5)","background-image":"","background-repeat":"repeat","background-position":"center center","background-size":"auto","background-attachment":"scroll","background-type":"","background-media":"","overlay-type":"","overlay-color":"","overlay-opacity":"","overlay-gradient":""},"tablet":{"background-color":"var(--ast-global-color-5)","background-image":"","background-repeat":"repeat","background-position":"center center","background-size":"auto","background-attachment":"scroll","background-type":"","background-media":"","overlay-type":"","overlay-color":"","overlay-opacity":"","overlay-gradient":""},"mobile":{"background-color":"var(--ast-global-color-5)","background-image":"","background-repeat":"repeat","background-position":"center center","background-size":"auto","background-attachment":"scroll","background-type":"","background-media":"","overlay-type":"","overlay-color":"","overlay-opacity":"","overlay-gradient":""}},"footnotes":""},"vardnica":[9],"class_list":["post-401332","page","type-page","status-publish","hentry","vardnica-vesturisks"],"yoast_head":"<!-- This site is optimized with the Yoast SEO plugin v27.1.1 - https:\/\/yoast.com\/product\/yoast-seo-wordpress\/ -->\n<title>Zl\u0113ku tra\u0123\u0113dija - Betydning.com<\/title>\n<meta name=\"robots\" content=\"index, follow, max-snippet:-1, max-image-preview:large, max-video-preview:-1\" \/>\n<link rel=\"canonical\" href=\"https:\/\/betydning.com\/nb\/zleku-tragedija\/\" \/>\n<meta property=\"og:locale\" content=\"nb_NO\" \/>\n<meta property=\"og:type\" content=\"article\" \/>\n<meta property=\"og:title\" content=\"Zl\u0113ku tra\u0123\u0113dija - Betydning.com\" \/>\n<meta property=\"og:description\" content=\"Zl\u0113ku tra\u0123\u0113dija:\u00a0Latvijas civiliedz\u012bvot\u0101ju izn\u012bcin\u0101\u0161anas akcija 2. pasaules kara laik\u0101, kad nacistu soda eksped\u012bcija 1944. g. 7.-10. decembr\u012b, nodedzin\u0101ja Zl\u0113ku pagasta [&hellip;]\" \/>\n<meta property=\"og:url\" content=\"https:\/\/betydning.com\/nb\/zleku-tragedija\/\" \/>\n<meta property=\"og:site_name\" content=\"Betydning.com\" \/>\n<meta name=\"twitter:card\" content=\"summary_large_image\" \/>\n<script type=\"application\/ld+json\" class=\"yoast-schema-graph\">{\"@context\":\"https:\/\/schema.org\",\"@graph\":[{\"@type\":\"WebPage\",\"@id\":\"https:\/\/betydning.com\/lv\/zleku-tragedija\/\",\"url\":\"https:\/\/betydning.com\/lv\/zleku-tragedija\/\",\"name\":\"Zl\u0113ku tra\u0123\u0113dija - Betydning.com\",\"isPartOf\":{\"@id\":\"https:\/\/betydning.com\/nb\/#website\"},\"datePublished\":\"2026-02-13T22:22:17+00:00\",\"breadcrumb\":{\"@id\":\"https:\/\/betydning.com\/lv\/zleku-tragedija\/#breadcrumb\"},\"inLanguage\":\"nb-NO\",\"potentialAction\":[{\"@type\":\"ReadAction\",\"target\":[\"https:\/\/betydning.com\/lv\/zleku-tragedija\/\"]}]},{\"@type\":\"BreadcrumbList\",\"@id\":\"https:\/\/betydning.com\/lv\/zleku-tragedija\/#breadcrumb\",\"itemListElement\":[{\"@type\":\"ListItem\",\"position\":1,\"name\":\"Home\",\"item\":\"https:\/\/betydning.com\/\"},{\"@type\":\"ListItem\",\"position\":2,\"name\":\"Zl\u0113ku tra\u0123\u0113dija\"}]},{\"@type\":\"WebSite\",\"@id\":\"https:\/\/betydning.com\/nb\/#website\",\"url\":\"https:\/\/betydning.com\/nb\/\",\"name\":\"Betydning.com\",\"description\":\"Betydningen av ord\",\"publisher\":{\"@id\":\"https:\/\/betydning.com\/nb\/#organization\"},\"potentialAction\":[{\"@type\":\"SearchAction\",\"target\":{\"@type\":\"EntryPoint\",\"urlTemplate\":\"https:\/\/betydning.com\/nb\/?s={search_term_string}\"},\"query-input\":{\"@type\":\"PropertyValueSpecification\",\"valueRequired\":true,\"valueName\":\"search_term_string\"}}],\"inLanguage\":\"nb-NO\"},{\"@type\":\"Organization\",\"@id\":\"https:\/\/betydning.com\/nb\/#organization\",\"name\":\"Betydning.com\",\"url\":\"https:\/\/betydning.com\/nb\/\",\"logo\":{\"@type\":\"ImageObject\",\"inLanguage\":\"nb-NO\",\"@id\":\"https:\/\/betydning.com\/nb\/#\/schema\/logo\/image\/\",\"url\":\"https:\/\/betydning.com\/wp-content\/uploads\/2026\/01\/betydning-com-flag-logo.png\",\"contentUrl\":\"https:\/\/betydning.com\/wp-content\/uploads\/2026\/01\/betydning-com-flag-logo.png\",\"width\":1200,\"height\":300,\"caption\":\"Betydning.com\"},\"image\":{\"@id\":\"https:\/\/betydning.com\/nb\/#\/schema\/logo\/image\/\"}}]}<\/script>\n<!-- \/ Yoast SEO plugin. -->","yoast_head_json":{"title":"Zl\u0113ku tra\u0123\u0113dija - Betydning.com","robots":{"index":"index","follow":"follow","max-snippet":"max-snippet:-1","max-image-preview":"max-image-preview:large","max-video-preview":"max-video-preview:-1"},"canonical":"https:\/\/betydning.com\/nb\/zleku-tragedija\/","og_locale":"nb_NO","og_type":"article","og_title":"Zl\u0113ku tra\u0123\u0113dija - Betydning.com","og_description":"Zl\u0113ku tra\u0123\u0113dija:\u00a0Latvijas civiliedz\u012bvot\u0101ju izn\u012bcin\u0101\u0161anas akcija 2. pasaules kara laik\u0101, kad nacistu soda eksped\u012bcija 1944. g. 7.-10. decembr\u012b, nodedzin\u0101ja Zl\u0113ku pagasta [&hellip;]","og_url":"https:\/\/betydning.com\/nb\/zleku-tragedija\/","og_site_name":"Betydning.com","twitter_card":"summary_large_image","schema":{"@context":"https:\/\/schema.org","@graph":[{"@type":"WebPage","@id":"https:\/\/betydning.com\/lv\/zleku-tragedija\/","url":"https:\/\/betydning.com\/lv\/zleku-tragedija\/","name":"Zl\u0113ku tra\u0123\u0113dija - Betydning.com","isPartOf":{"@id":"https:\/\/betydning.com\/nb\/#website"},"datePublished":"2026-02-13T22:22:17+00:00","breadcrumb":{"@id":"https:\/\/betydning.com\/lv\/zleku-tragedija\/#breadcrumb"},"inLanguage":"nb-NO","potentialAction":[{"@type":"ReadAction","target":["https:\/\/betydning.com\/lv\/zleku-tragedija\/"]}]},{"@type":"BreadcrumbList","@id":"https:\/\/betydning.com\/lv\/zleku-tragedija\/#breadcrumb","itemListElement":[{"@type":"ListItem","position":1,"name":"Home","item":"https:\/\/betydning.com\/"},{"@type":"ListItem","position":2,"name":"Zl\u0113ku tra\u0123\u0113dija"}]},{"@type":"WebSite","@id":"https:\/\/betydning.com\/nb\/#website","url":"https:\/\/betydning.com\/nb\/","name":"Betydning.com","description":"Betydningen av ord","publisher":{"@id":"https:\/\/betydning.com\/nb\/#organization"},"potentialAction":[{"@type":"SearchAction","target":{"@type":"EntryPoint","urlTemplate":"https:\/\/betydning.com\/nb\/?s={search_term_string}"},"query-input":{"@type":"PropertyValueSpecification","valueRequired":true,"valueName":"search_term_string"}}],"inLanguage":"nb-NO"},{"@type":"Organization","@id":"https:\/\/betydning.com\/nb\/#organization","name":"Betydning.com","url":"https:\/\/betydning.com\/nb\/","logo":{"@type":"ImageObject","inLanguage":"nb-NO","@id":"https:\/\/betydning.com\/nb\/#\/schema\/logo\/image\/","url":"https:\/\/betydning.com\/wp-content\/uploads\/2026\/01\/betydning-com-flag-logo.png","contentUrl":"https:\/\/betydning.com\/wp-content\/uploads\/2026\/01\/betydning-com-flag-logo.png","width":1200,"height":300,"caption":"Betydning.com"},"image":{"@id":"https:\/\/betydning.com\/nb\/#\/schema\/logo\/image\/"}}]}},"_links":{"self":[{"href":"https:\/\/betydning.com\/nb\/wp-json\/wp\/v2\/pages\/401332","targetHints":{"allow":["GET"]}}],"collection":[{"href":"https:\/\/betydning.com\/nb\/wp-json\/wp\/v2\/pages"}],"about":[{"href":"https:\/\/betydning.com\/nb\/wp-json\/wp\/v2\/types\/page"}],"author":[{"embeddable":true,"href":"https:\/\/betydning.com\/nb\/wp-json\/wp\/v2\/users\/1"}],"replies":[{"embeddable":true,"href":"https:\/\/betydning.com\/nb\/wp-json\/wp\/v2\/comments?post=401332"}],"version-history":[{"count":0,"href":"https:\/\/betydning.com\/nb\/wp-json\/wp\/v2\/pages\/401332\/revisions"}],"wp:attachment":[{"href":"https:\/\/betydning.com\/nb\/wp-json\/wp\/v2\/media?parent=401332"}],"wp:term":[{"taxonomy":"vardnica","embeddable":true,"href":"https:\/\/betydning.com\/nb\/wp-json\/wp\/v2\/vardnica?post=401332"}],"curies":[{"name":"wp","href":"https:\/\/api.w.org\/{rel}","templated":true}]}}