{"id":663,"date":"2026-01-22T23:21:40","date_gmt":"2026-01-22T23:21:40","guid":{"rendered":"https:\/\/betydning.com\/?page_id=663"},"modified":"2026-02-18T22:03:26","modified_gmt":"2026-02-18T22:03:26","slug":"pa-vegne-av-meklet","status":"publish","type":"page","link":"https:\/\/betydning.com\/nb\/meklet-vardu\/","title":{"rendered":"S\u00f8k etter et ord"},"content":{"rendered":"<form role=\"search\" method=\"get\" action=\"https:\/\/betydning.com\/nb\/\" class=\"wp-block-search__button-outside wp-block-search__text-button wp-block-search\" data-trp-original-action=\"https:\/\/betydning.com\/nb\/\"    ><label class=\"wp-block-search__label screen-reader-text\" for=\"wp-block-search__input-1\" >S\u00f8k<\/label><div class=\"wp-block-search__inside-wrapper\" ><input class=\"wp-block-search__input\" id=\"wp-block-search__input-1\" placeholder=\"S\u00f8k p\u00e5 ordet...\" value=\"\" type=\"search\" name=\"s\" required \/><button aria-label=\"S\u00f8k\" class=\"wp-block-search__button wp-element-button\" type=\"submit\" >S\u00f8k<\/button><\/div><input type=\"hidden\" name=\"trp-form-language\" value=\"nb\"\/><\/form>\n\n\n<p><\/p>\n\n\n\n<h4 class=\"wp-block-heading\">Kategorier:<\/h4>\n\n\n\n<p><a href=\"https:\/\/betydning.com\/nb\/selskapets-navn\/apvidvards\/\">Lokalt navn<\/a><\/p>\n\n\n\n<p><a href=\"https:\/\/betydning.com\/nb\/selskapets-navn\/iszin\/\">I tekstmeldinger<\/a><\/p>\n\n\n\n<p><a href=\"https:\/\/betydning.com\/nb\/selskapets-navn\/foreldet\/\">Novecojis<\/a><\/p>\n\n\n\n<p><a href=\"https:\/\/betydning.com\/nb\/selskapets-navn\/vesturis\/\">Historisk<\/a><\/p>\n\n\n\n<p><a href=\"https:\/\/betydning.com\/nb\/selskapets-navn\/talesprak\/\">Sarunlanguage<\/a><\/p>\n\n\n\n<p><a href=\"https:\/\/betydning.com\/nb\/selskapets-navn\/barbari\/\">Barbarier<\/a><\/p>\n\n\n\n<p><a href=\"https:\/\/betydning.com\/nb\/selskapets-navn\/zargonisme\/\">Sjargongisme<\/a><\/p>\n\n\n\n<p><a href=\"https:\/\/betydning.com\/nb\/selskapets-navn\/vulgarismer\/\">Vulgarisme<\/a><\/p>\n\n\n\n<p><a href=\"https:\/\/betydning.com\/nb\/selskapets-navn\/eufemismer\/\">Eufemisme<\/a><\/p>\n\n\n\n<p><a href=\"https:\/\/betydning.com\/nb\/selskapets-navn\/ikke-oppdatert\/\">Foreldet<\/a><\/p>\n\n\n\n<p><a href=\"https:\/\/betydning.com\/nb\/selskapets-navn\/neliterarer\/\">Skurk<\/a><\/p>\n\n\n\n<p><a href=\"https:\/\/betydning.com\/nb\/selskapets-navn\/berner\/\">Barns spr\u00e5k<\/a><\/p>\n\n\n\n<p><a href=\"https:\/\/betydning.com\/nb\/selskapets-navn\/biblismer\/\">Biblisms<\/a><\/p>\n\n\n\n<p><a href=\"https:\/\/betydning.com\/nb\/selskapets-navn\/dialektisme\/\">Dialektismer<\/a><\/p>\n\n\n\n<p><a href=\"https:\/\/betydning.com\/nb\/selskapets-navn\/en-samtale-med-guttene\/\">\u00c5 snakke med barn<\/a><\/p>\n\n\n\n<p><a href=\"https:\/\/betydning.com\/nb\/selskapets-navn\/et-gammelt-navn-som-sjelden-brukes\/\">Et gammelt, sjelden brukt ord<\/a><\/p>\n\n\n\n<p><a href=\"https:\/\/betydning.com\/nb\/selskapets-navn\/slang\/\">Slang<\/a><\/p>\n\n\n\n<p><a href=\"https:\/\/betydning.com\/nb\/selskapets-navn\/lamuward\/\">Lamuv\u0101rds<\/a><\/p>\n\n\n\n<p><a href=\"https:\/\/betydning.com\/nb\/selskapets-navn\/newward\/\">Nytt navn<\/a><\/p>\n\n\n\n<p><a href=\"https:\/\/betydning.com\/nb\/selskapets-navn\/okazionalisme\/\">Tilfeldigheter<\/a><\/p>\n\n\n\n<p><a href=\"https:\/\/betydning.com\/nb\/selskapets-navn\/uspesifisert\/\">Ubestemt<\/a><\/p>","protected":false},"excerpt":{"rendered":"<p>Kategorijas: Apvidv\u0101rds \u012aszi\u0146\u0101s Novecojis V\u0113sturisks Sarunvaloda Barbarisms \u017dargonisms Vulg\u0101risms Eif\u0113misms Neaktu\u0101ls Neliter\u0101rs B\u0113rnu valoda Biblisms Dialektisms Saruna ar b\u0113rniem Sens, [&hellip;]<\/p>\n","protected":false},"author":1,"featured_media":0,"parent":0,"menu_order":0,"comment_status":"closed","ping_status":"closed","template":"","meta":{"site-sidebar-layout":"default","site-content-layout":"","ast-site-content-layout":"default","site-content-style":"default","site-sidebar-style":"default","ast-global-header-display":"","ast-banner-title-visibility":"","ast-main-header-display":"","ast-hfb-above-header-display":"","ast-hfb-below-header-display":"","ast-hfb-mobile-header-display":"","site-post-title":"","ast-breadcrumbs-content":"","ast-featured-img":"","footer-sml-layout":"","ast-disable-related-posts":"","theme-transparent-header-meta":"","adv-header-id-meta":"","stick-header-meta":"","header-above-stick-meta":"","header-main-stick-meta":"","header-below-stick-meta":"","astra-migrate-meta-layouts":"default","ast-page-background-enabled":"default","ast-page-background-meta":{"desktop":{"background-color":"var(--ast-global-color-4)","background-image":"","background-repeat":"repeat","background-position":"center center","background-size":"auto","background-attachment":"scroll","background-type":"","background-media":"","overlay-type":"","overlay-color":"","overlay-opacity":"","overlay-gradient":""},"tablet":{"background-color":"","background-image":"","background-repeat":"repeat","background-position":"center center","background-size":"auto","background-attachment":"scroll","background-type":"","background-media":"","overlay-type":"","overlay-color":"","overlay-opacity":"","overlay-gradient":""},"mobile":{"background-color":"","background-image":"","background-repeat":"repeat","background-position":"center center","background-size":"auto","background-attachment":"scroll","background-type":"","background-media":"","overlay-type":"","overlay-color":"","overlay-opacity":"","overlay-gradient":""}},"ast-content-background-meta":{"desktop":{"background-color":"var(--ast-global-color-5)","background-image":"","background-repeat":"repeat","background-position":"center center","background-size":"auto","background-attachment":"scroll","background-type":"","background-media":"","overlay-type":"","overlay-color":"","overlay-opacity":"","overlay-gradient":""},"tablet":{"background-color":"var(--ast-global-color-5)","background-image":"","background-repeat":"repeat","background-position":"center center","background-size":"auto","background-attachment":"scroll","background-type":"","background-media":"","overlay-type":"","overlay-color":"","overlay-opacity":"","overlay-gradient":""},"mobile":{"background-color":"var(--ast-global-color-5)","background-image":"","background-repeat":"repeat","background-position":"center center","background-size":"auto","background-attachment":"scroll","background-type":"","background-media":"","overlay-type":"","overlay-color":"","overlay-opacity":"","overlay-gradient":""}},"footnotes":""},"vardnica":[],"class_list":["post-663","page","type-page","status-publish","hentry"],"yoast_head":"<!-- This site is optimized with the Yoast SEO plugin v27.1.1 - https:\/\/yoast.com\/product\/yoast-seo-wordpress\/ -->\n<title>Mekl\u0113t v\u0101rdu - Betydning.com<\/title>\n<meta name=\"robots\" content=\"index, follow, max-snippet:-1, max-image-preview:large, max-video-preview:-1\" \/>\n<link rel=\"canonical\" href=\"https:\/\/betydning.com\/nb\/pa-vegne-av-meklet\/\" \/>\n<meta property=\"og:locale\" content=\"nb_NO\" \/>\n<meta property=\"og:type\" content=\"article\" \/>\n<meta property=\"og:title\" content=\"Mekl\u0113t v\u0101rdu - Betydning.com\" \/>\n<meta property=\"og:description\" content=\"Kategorijas: Apvidv\u0101rds \u012aszi\u0146\u0101s Novecojis V\u0113sturisks Sarunvaloda Barbarisms \u017dargonisms Vulg\u0101risms Eif\u0113misms Neaktu\u0101ls Neliter\u0101rs B\u0113rnu valoda Biblisms Dialektisms Saruna ar b\u0113rniem Sens, [&hellip;]\" \/>\n<meta property=\"og:url\" content=\"https:\/\/betydning.com\/nb\/pa-vegne-av-meklet\/\" \/>\n<meta property=\"og:site_name\" content=\"Betydning.com\" \/>\n<meta property=\"article:modified_time\" content=\"2026-02-18T22:03:26+00:00\" \/>\n<meta name=\"twitter:card\" content=\"summary_large_image\" \/>\n<script type=\"application\/ld+json\" class=\"yoast-schema-graph\">{\"@context\":\"https:\/\/schema.org\",\"@graph\":[{\"@type\":\"WebPage\",\"@id\":\"https:\/\/betydning.com\/meklet-vardu\/\",\"url\":\"https:\/\/betydning.com\/meklet-vardu\/\",\"name\":\"Mekl\u0113t v\u0101rdu - Betydning.com\",\"isPartOf\":{\"@id\":\"https:\/\/betydning.com\/nb\/#website\"},\"datePublished\":\"2026-01-22T23:21:40+00:00\",\"dateModified\":\"2026-02-18T22:03:26+00:00\",\"breadcrumb\":{\"@id\":\"https:\/\/betydning.com\/meklet-vardu\/#breadcrumb\"},\"inLanguage\":\"nb-NO\",\"potentialAction\":[{\"@type\":\"ReadAction\",\"target\":[\"https:\/\/betydning.com\/meklet-vardu\/\"]}]},{\"@type\":\"BreadcrumbList\",\"@id\":\"https:\/\/betydning.com\/meklet-vardu\/#breadcrumb\",\"itemListElement\":[{\"@type\":\"ListItem\",\"position\":1,\"name\":\"Home\",\"item\":\"https:\/\/betydning.com\/\"},{\"@type\":\"ListItem\",\"position\":2,\"name\":\"Mekl\u0113t v\u0101rdu\"}]},{\"@type\":\"WebSite\",\"@id\":\"https:\/\/betydning.com\/nb\/#website\",\"url\":\"https:\/\/betydning.com\/nb\/\",\"name\":\"Betydning.com\",\"description\":\"Betydningen av ord\",\"publisher\":{\"@id\":\"https:\/\/betydning.com\/nb\/#organization\"},\"potentialAction\":[{\"@type\":\"SearchAction\",\"target\":{\"@type\":\"EntryPoint\",\"urlTemplate\":\"https:\/\/betydning.com\/nb\/?s={search_term_string}\"},\"query-input\":{\"@type\":\"PropertyValueSpecification\",\"valueRequired\":true,\"valueName\":\"search_term_string\"}}],\"inLanguage\":\"nb-NO\"},{\"@type\":\"Organization\",\"@id\":\"https:\/\/betydning.com\/nb\/#organization\",\"name\":\"Betydning.com\",\"url\":\"https:\/\/betydning.com\/nb\/\",\"logo\":{\"@type\":\"ImageObject\",\"inLanguage\":\"nb-NO\",\"@id\":\"https:\/\/betydning.com\/nb\/#\/schema\/logo\/image\/\",\"url\":\"https:\/\/betydning.com\/wp-content\/uploads\/2026\/01\/betydning-com-flag-logo.png\",\"contentUrl\":\"https:\/\/betydning.com\/wp-content\/uploads\/2026\/01\/betydning-com-flag-logo.png\",\"width\":1200,\"height\":300,\"caption\":\"Betydning.com\"},\"image\":{\"@id\":\"https:\/\/betydning.com\/nb\/#\/schema\/logo\/image\/\"}}]}<\/script>\n<!-- \/ Yoast SEO plugin. -->","yoast_head_json":{"title":"S\u00f8kenavn - Betydning.com","robots":{"index":"index","follow":"follow","max-snippet":"max-snippet:-1","max-image-preview":"max-image-preview:large","max-video-preview":"max-video-preview:-1"},"canonical":"https:\/\/betydning.com\/nb\/pa-vegne-av-meklet\/","og_locale":"nb_NO","og_type":"article","og_title":"Mekl\u0113t v\u0101rdu - Betydning.com","og_description":"Kategorijas: Apvidv\u0101rds \u012aszi\u0146\u0101s Novecojis V\u0113sturisks Sarunvaloda Barbarisms \u017dargonisms Vulg\u0101risms Eif\u0113misms Neaktu\u0101ls Neliter\u0101rs B\u0113rnu valoda Biblisms Dialektisms Saruna ar b\u0113rniem Sens, [&hellip;]","og_url":"https:\/\/betydning.com\/nb\/pa-vegne-av-meklet\/","og_site_name":"Betydning.com","article_modified_time":"2026-02-18T22:03:26+00:00","twitter_card":"summary_large_image","schema":{"@context":"https:\/\/schema.org","@graph":[{"@type":"WebPage","@id":"https:\/\/betydning.com\/meklet-vardu\/","url":"https:\/\/betydning.com\/meklet-vardu\/","name":"S\u00f8kenavn - Betydning.com","isPartOf":{"@id":"https:\/\/betydning.com\/nb\/#website"},"datePublished":"2026-01-22T23:21:40+00:00","dateModified":"2026-02-18T22:03:26+00:00","breadcrumb":{"@id":"https:\/\/betydning.com\/meklet-vardu\/#breadcrumb"},"inLanguage":"nb-NO","potentialAction":[{"@type":"ReadAction","target":["https:\/\/betydning.com\/meklet-vardu\/"]}]},{"@type":"BreadcrumbList","@id":"https:\/\/betydning.com\/meklet-vardu\/#breadcrumb","itemListElement":[{"@type":"ListItem","position":1,"name":"Home","item":"https:\/\/betydning.com\/"},{"@type":"ListItem","position":2,"name":"Mekl\u0113t v\u0101rdu"}]},{"@type":"WebSite","@id":"https:\/\/betydning.com\/nb\/#website","url":"https:\/\/betydning.com\/nb\/","name":"Betydning.com","description":"Betydningen av ord","publisher":{"@id":"https:\/\/betydning.com\/nb\/#organization"},"potentialAction":[{"@type":"SearchAction","target":{"@type":"EntryPoint","urlTemplate":"https:\/\/betydning.com\/nb\/?s={search_term_string}"},"query-input":{"@type":"PropertyValueSpecification","valueRequired":true,"valueName":"search_term_string"}}],"inLanguage":"nb-NO"},{"@type":"Organization","@id":"https:\/\/betydning.com\/nb\/#organization","name":"Betydning.com","url":"https:\/\/betydning.com\/nb\/","logo":{"@type":"ImageObject","inLanguage":"nb-NO","@id":"https:\/\/betydning.com\/nb\/#\/schema\/logo\/image\/","url":"https:\/\/betydning.com\/wp-content\/uploads\/2026\/01\/betydning-com-flag-logo.png","contentUrl":"https:\/\/betydning.com\/wp-content\/uploads\/2026\/01\/betydning-com-flag-logo.png","width":1200,"height":300,"caption":"Betydning.com"},"image":{"@id":"https:\/\/betydning.com\/nb\/#\/schema\/logo\/image\/"}}]}},"_links":{"self":[{"href":"https:\/\/betydning.com\/nb\/wp-json\/wp\/v2\/pages\/663","targetHints":{"allow":["GET"]}}],"collection":[{"href":"https:\/\/betydning.com\/nb\/wp-json\/wp\/v2\/pages"}],"about":[{"href":"https:\/\/betydning.com\/nb\/wp-json\/wp\/v2\/types\/page"}],"author":[{"embeddable":true,"href":"https:\/\/betydning.com\/nb\/wp-json\/wp\/v2\/users\/1"}],"replies":[{"embeddable":true,"href":"https:\/\/betydning.com\/nb\/wp-json\/wp\/v2\/comments?post=663"}],"version-history":[{"count":2,"href":"https:\/\/betydning.com\/nb\/wp-json\/wp\/v2\/pages\/663\/revisions"}],"predecessor-version":[{"id":403249,"href":"https:\/\/betydning.com\/nb\/wp-json\/wp\/v2\/pages\/663\/revisions\/403249"}],"wp:attachment":[{"href":"https:\/\/betydning.com\/nb\/wp-json\/wp\/v2\/media?parent=663"}],"wp:term":[{"taxonomy":"vardnica","embeddable":true,"href":"https:\/\/betydning.com\/nb\/wp-json\/wp\/v2\/vardnica?post=663"}],"curies":[{"name":"wp","href":"https:\/\/api.w.org\/{rel}","templated":true}]}}