{"id":712,"date":"2026-02-11T21:44:18","date_gmt":"2026-02-11T21:44:18","guid":{"rendered":"https:\/\/nozime-lv-astra-main-pages.mystagingwebsite.com\/?page_id=712"},"modified":"2026-02-19T21:54:05","modified_gmt":"2026-02-19T21:54:05","slug":"vilkar-for-bruk-av-portalen","status":"publish","type":"page","link":"https:\/\/betydning.com\/nb\/portala-lietosanas-noteikumi\/","title":{"rendered":"VILK\u00c5R FOR BRUK AV PORTALEN"},"content":{"rendered":"<p>Gjeldende fra 2. februar 2026 <\/p>\n\n\n\n<p>&nbsp;<\/p>\n\n\n\n<h3 class=\"wp-block-heading\">1. Generelle regler<\/h3>\n\n\n\n<p>1. 1. Portalen eies og administreres av Foxily Ltd.<\/p>\n\n\n\n<p>1.2 Vilk\u00e5rene for bruk av portalen (heretter kalt \u201evilk\u00e5rene\u201d) fastsetter prosedyren for bruk av portalen (heretter kalt \u201eportalen\u201d). Ved \u00e5 bruke portalen samtykker brukeren (heretter kalt \u201ebrukeren\u201d) i \u00e5 overholde disse vilk\u00e5rene og er ansvarlig for handlingene som utf\u00f8res p\u00e5 portalen i samsvar med gjeldende lover og forskrifter i Republikken Latvia. Brukeren samtykker i at portalen n\u00e5r som helst kan oppdatere og endre vilk\u00e5rene.<\/p>\n\n\n\n<p>1.3 Hvis brukeren ikke overholder eller bryter disse vilk\u00e5rene, har portaladministrasjonen rett til \u00e5 begrense eller nekte brukerens tilgang til portalen n\u00e5r som helst og uten forvarsel.<\/p>\n\n\n\n<p>1.4 Eventuelle sp\u00f8rsm\u00e5l, varsler, klager eller foresp\u00f8rsler ang\u00e5ende sletting av innhold skal sendes til nettstedsadministrasjonens e-postadresse: info@foxily.net.<\/p>\n\n\n\n<p>1.5 Ved \u00e5 bruke denne portalen godtar brukeren at Foxily Ltd ikke er ansvarlig for eventuelle skader som brukeren eller tredjeparter p\u00e5drar seg som f\u00f8lge av bruk av denne portalen eller som f\u00f8lge av feil p\u00e5 portalen.<\/p>\n\n\n\n<p>1.6 Det er strengt forbudt \u00e5 bruke verkt\u00f8y for blokkering av annonser n\u00e5r du ser p\u00e5 innholdet p\u00e5 nettstedet. Foxily Ltd. er ikke ansvarlig for eventuelle skader som brukeren eller tredjeparter lider som f\u00f8lge av bruk av verkt\u00f8y for blokkering av annonser.<\/p>\n\n\n\n<p>1.7 Det er forbudt \u00e5 publisere innholdet p\u00e5 portalen p\u00e5 nytt uten forh\u00e5ndsgodkjenning.<\/p>\n\n\n\n<p>1.8 Kilden til ordenes betydning er thesaurs.lv<\/p>\n\n\n\n<p>&nbsp;<\/p>\n\n\n\n<h3 class=\"wp-block-heading\">2. behandling av personopplysninger<\/h3>\n\n\n\n<p>&nbsp;<\/p>\n\n\n\n<p>2.1 Informasjonen som Foxily Ltd. samler inn fra alle tjenester p\u00e5 nettstedet, brukes til \u00e5 levere, vedlikeholde, beskytte og forbedre eksisterende tjenester, utvikle nye tjenester og beskytte brukerne. Informasjonen som samles inn, brukes ogs\u00e5 til \u00e5 gi brukerne personlig tilpasset innhold og reklame.<\/p>\n\n\n\n<p>2.2 Portalen bruker informasjonskapsler. Du kan finne ut mer om v\u00e5re retningslinjer for informasjonskapsler i avsnittet om informasjonskapsler.<\/p>\n\n\n\n<p>&nbsp;<\/p>\n\n\n\n<p><strong>Forordningen ble revidert 19. februar 2026.<\/strong><\/p>\n\n\n\n<p><\/p>","protected":false},"excerpt":{"rendered":"<p>Sp\u0113k\u0101 no 2026.gada 2. febru\u0101ra &nbsp; 1. Visp\u0101r\u012bgie noteikumi 1. 1. Port\u0101ls pieder un to administr\u0113 SIA Foxily. 1.2. Port\u0101la [&hellip;]<\/p>\n","protected":false},"author":1,"featured_media":0,"parent":0,"menu_order":0,"comment_status":"closed","ping_status":"closed","template":"","meta":{"site-sidebar-layout":"default","site-content-layout":"","ast-site-content-layout":"default","site-content-style":"default","site-sidebar-style":"default","ast-global-header-display":"","ast-banner-title-visibility":"","ast-main-header-display":"","ast-hfb-above-header-display":"","ast-hfb-below-header-display":"","ast-hfb-mobile-header-display":"","site-post-title":"","ast-breadcrumbs-content":"","ast-featured-img":"","footer-sml-layout":"","ast-disable-related-posts":"","theme-transparent-header-meta":"","adv-header-id-meta":"","stick-header-meta":"","header-above-stick-meta":"","header-main-stick-meta":"","header-below-stick-meta":"","astra-migrate-meta-layouts":"default","ast-page-background-enabled":"default","ast-page-background-meta":{"desktop":{"background-color":"var(--ast-global-color-4)","background-image":"","background-repeat":"repeat","background-position":"center center","background-size":"auto","background-attachment":"scroll","background-type":"","background-media":"","overlay-type":"","overlay-color":"","overlay-opacity":"","overlay-gradient":""},"tablet":{"background-color":"","background-image":"","background-repeat":"repeat","background-position":"center center","background-size":"auto","background-attachment":"scroll","background-type":"","background-media":"","overlay-type":"","overlay-color":"","overlay-opacity":"","overlay-gradient":""},"mobile":{"background-color":"","background-image":"","background-repeat":"repeat","background-position":"center center","background-size":"auto","background-attachment":"scroll","background-type":"","background-media":"","overlay-type":"","overlay-color":"","overlay-opacity":"","overlay-gradient":""}},"ast-content-background-meta":{"desktop":{"background-color":"var(--ast-global-color-5)","background-image":"","background-repeat":"repeat","background-position":"center center","background-size":"auto","background-attachment":"scroll","background-type":"","background-media":"","overlay-type":"","overlay-color":"","overlay-opacity":"","overlay-gradient":""},"tablet":{"background-color":"var(--ast-global-color-5)","background-image":"","background-repeat":"repeat","background-position":"center center","background-size":"auto","background-attachment":"scroll","background-type":"","background-media":"","overlay-type":"","overlay-color":"","overlay-opacity":"","overlay-gradient":""},"mobile":{"background-color":"var(--ast-global-color-5)","background-image":"","background-repeat":"repeat","background-position":"center center","background-size":"auto","background-attachment":"scroll","background-type":"","background-media":"","overlay-type":"","overlay-color":"","overlay-opacity":"","overlay-gradient":""}},"footnotes":""},"vardnica":[],"class_list":["post-712","page","type-page","status-publish","hentry"],"yoast_head":"<!-- This site is optimized with the Yoast SEO plugin v27.1.1 - https:\/\/yoast.com\/product\/yoast-seo-wordpress\/ -->\n<title>PORT\u0100LA LIETO\u0160ANAS NOTEIKUMI - Betydning.com<\/title>\n<meta name=\"robots\" content=\"index, follow, max-snippet:-1, max-image-preview:large, max-video-preview:-1\" \/>\n<link rel=\"canonical\" href=\"https:\/\/betydning.com\/nb\/vilkar-for-bruk-av-portalen\/\" \/>\n<meta property=\"og:locale\" content=\"nb_NO\" \/>\n<meta property=\"og:type\" content=\"article\" \/>\n<meta property=\"og:title\" content=\"PORT\u0100LA LIETO\u0160ANAS NOTEIKUMI - Betydning.com\" \/>\n<meta property=\"og:description\" content=\"Sp\u0113k\u0101 no 2026.gada 2. febru\u0101ra &nbsp; 1. Visp\u0101r\u012bgie noteikumi 1. 1. Port\u0101ls pieder un to administr\u0113 SIA Foxily. 1.2. Port\u0101la [&hellip;]\" \/>\n<meta property=\"og:url\" content=\"https:\/\/betydning.com\/nb\/vilkar-for-bruk-av-portalen\/\" \/>\n<meta property=\"og:site_name\" content=\"Betydning.com\" \/>\n<meta property=\"article:modified_time\" content=\"2026-02-19T21:54:05+00:00\" \/>\n<meta name=\"twitter:card\" content=\"summary_large_image\" \/>\n<meta name=\"twitter:label1\" content=\"Ansl. lesetid\" \/>\n\t<meta name=\"twitter:data1\" content=\"2 minutter\" \/>\n<script type=\"application\/ld+json\" class=\"yoast-schema-graph\">{\"@context\":\"https:\/\/schema.org\",\"@graph\":[{\"@type\":\"WebPage\",\"@id\":\"https:\/\/betydning.com\/portala-lietosanas-noteikumi\/\",\"url\":\"https:\/\/betydning.com\/portala-lietosanas-noteikumi\/\",\"name\":\"PORT\u0100LA LIETO\u0160ANAS NOTEIKUMI - Betydning.com\",\"isPartOf\":{\"@id\":\"https:\/\/betydning.com\/nb\/#website\"},\"datePublished\":\"2026-02-11T21:44:18+00:00\",\"dateModified\":\"2026-02-19T21:54:05+00:00\",\"breadcrumb\":{\"@id\":\"https:\/\/betydning.com\/portala-lietosanas-noteikumi\/#breadcrumb\"},\"inLanguage\":\"nb-NO\",\"potentialAction\":[{\"@type\":\"ReadAction\",\"target\":[\"https:\/\/betydning.com\/portala-lietosanas-noteikumi\/\"]}]},{\"@type\":\"BreadcrumbList\",\"@id\":\"https:\/\/betydning.com\/portala-lietosanas-noteikumi\/#breadcrumb\",\"itemListElement\":[{\"@type\":\"ListItem\",\"position\":1,\"name\":\"Home\",\"item\":\"https:\/\/betydning.com\/\"},{\"@type\":\"ListItem\",\"position\":2,\"name\":\"PORT\u0100LA LIETO\u0160ANAS NOTEIKUMI\"}]},{\"@type\":\"WebSite\",\"@id\":\"https:\/\/betydning.com\/nb\/#website\",\"url\":\"https:\/\/betydning.com\/nb\/\",\"name\":\"Betydning.com\",\"description\":\"Betydningen av ord\",\"publisher\":{\"@id\":\"https:\/\/betydning.com\/nb\/#organization\"},\"potentialAction\":[{\"@type\":\"SearchAction\",\"target\":{\"@type\":\"EntryPoint\",\"urlTemplate\":\"https:\/\/betydning.com\/nb\/?s={search_term_string}\"},\"query-input\":{\"@type\":\"PropertyValueSpecification\",\"valueRequired\":true,\"valueName\":\"search_term_string\"}}],\"inLanguage\":\"nb-NO\"},{\"@type\":\"Organization\",\"@id\":\"https:\/\/betydning.com\/nb\/#organization\",\"name\":\"Betydning.com\",\"url\":\"https:\/\/betydning.com\/nb\/\",\"logo\":{\"@type\":\"ImageObject\",\"inLanguage\":\"nb-NO\",\"@id\":\"https:\/\/betydning.com\/nb\/#\/schema\/logo\/image\/\",\"url\":\"https:\/\/betydning.com\/wp-content\/uploads\/2026\/01\/betydning-com-flag-logo.png\",\"contentUrl\":\"https:\/\/betydning.com\/wp-content\/uploads\/2026\/01\/betydning-com-flag-logo.png\",\"width\":1200,\"height\":300,\"caption\":\"Betydning.com\"},\"image\":{\"@id\":\"https:\/\/betydning.com\/nb\/#\/schema\/logo\/image\/\"}}]}<\/script>\n<!-- \/ Yoast SEO plugin. -->","yoast_head_json":{"title":"VILK\u00c5R FOR BRUK AV PORTALEN - Betydning.com","robots":{"index":"index","follow":"follow","max-snippet":"max-snippet:-1","max-image-preview":"max-image-preview:large","max-video-preview":"max-video-preview:-1"},"canonical":"https:\/\/betydning.com\/nb\/vilkar-for-bruk-av-portalen\/","og_locale":"nb_NO","og_type":"article","og_title":"PORT\u0100LA LIETO\u0160ANAS NOTEIKUMI - Betydning.com","og_description":"Sp\u0113k\u0101 no 2026.gada 2. febru\u0101ra &nbsp; 1. Visp\u0101r\u012bgie noteikumi 1. 1. Port\u0101ls pieder un to administr\u0113 SIA Foxily. 1.2. Port\u0101la [&hellip;]","og_url":"https:\/\/betydning.com\/nb\/vilkar-for-bruk-av-portalen\/","og_site_name":"Betydning.com","article_modified_time":"2026-02-19T21:54:05+00:00","twitter_card":"summary_large_image","twitter_misc":{"Ansl. lesetid":"2 minutter"},"schema":{"@context":"https:\/\/schema.org","@graph":[{"@type":"WebPage","@id":"https:\/\/betydning.com\/portala-lietosanas-noteikumi\/","url":"https:\/\/betydning.com\/portala-lietosanas-noteikumi\/","name":"VILK\u00c5R FOR BRUK AV PORTALEN - Betydning.com","isPartOf":{"@id":"https:\/\/betydning.com\/nb\/#website"},"datePublished":"2026-02-11T21:44:18+00:00","dateModified":"2026-02-19T21:54:05+00:00","breadcrumb":{"@id":"https:\/\/betydning.com\/portala-lietosanas-noteikumi\/#breadcrumb"},"inLanguage":"nb-NO","potentialAction":[{"@type":"ReadAction","target":["https:\/\/betydning.com\/portala-lietosanas-noteikumi\/"]}]},{"@type":"BreadcrumbList","@id":"https:\/\/betydning.com\/portala-lietosanas-noteikumi\/#breadcrumb","itemListElement":[{"@type":"ListItem","position":1,"name":"Home","item":"https:\/\/betydning.com\/"},{"@type":"ListItem","position":2,"name":"PORT\u0100LA LIETO\u0160ANAS NOTEIKUMI"}]},{"@type":"WebSite","@id":"https:\/\/betydning.com\/nb\/#website","url":"https:\/\/betydning.com\/nb\/","name":"Betydning.com","description":"Betydningen av ord","publisher":{"@id":"https:\/\/betydning.com\/nb\/#organization"},"potentialAction":[{"@type":"SearchAction","target":{"@type":"EntryPoint","urlTemplate":"https:\/\/betydning.com\/nb\/?s={search_term_string}"},"query-input":{"@type":"PropertyValueSpecification","valueRequired":true,"valueName":"search_term_string"}}],"inLanguage":"nb-NO"},{"@type":"Organization","@id":"https:\/\/betydning.com\/nb\/#organization","name":"Betydning.com","url":"https:\/\/betydning.com\/nb\/","logo":{"@type":"ImageObject","inLanguage":"nb-NO","@id":"https:\/\/betydning.com\/nb\/#\/schema\/logo\/image\/","url":"https:\/\/betydning.com\/wp-content\/uploads\/2026\/01\/betydning-com-flag-logo.png","contentUrl":"https:\/\/betydning.com\/wp-content\/uploads\/2026\/01\/betydning-com-flag-logo.png","width":1200,"height":300,"caption":"Betydning.com"},"image":{"@id":"https:\/\/betydning.com\/nb\/#\/schema\/logo\/image\/"}}]}},"_links":{"self":[{"href":"https:\/\/betydning.com\/nb\/wp-json\/wp\/v2\/pages\/712","targetHints":{"allow":["GET"]}}],"collection":[{"href":"https:\/\/betydning.com\/nb\/wp-json\/wp\/v2\/pages"}],"about":[{"href":"https:\/\/betydning.com\/nb\/wp-json\/wp\/v2\/types\/page"}],"author":[{"embeddable":true,"href":"https:\/\/betydning.com\/nb\/wp-json\/wp\/v2\/users\/1"}],"replies":[{"embeddable":true,"href":"https:\/\/betydning.com\/nb\/wp-json\/wp\/v2\/comments?post=712"}],"version-history":[{"count":3,"href":"https:\/\/betydning.com\/nb\/wp-json\/wp\/v2\/pages\/712\/revisions"}],"predecessor-version":[{"id":403250,"href":"https:\/\/betydning.com\/nb\/wp-json\/wp\/v2\/pages\/712\/revisions\/403250"}],"wp:attachment":[{"href":"https:\/\/betydning.com\/nb\/wp-json\/wp\/v2\/media?parent=712"}],"wp:term":[{"taxonomy":"vardnica","embeddable":true,"href":"https:\/\/betydning.com\/nb\/wp-json\/wp\/v2\/vardnica?post=712"}],"curies":[{"name":"wp","href":"https:\/\/api.w.org\/{rel}","templated":true}]}}